{"id":90,"date":"2023-01-30T17:16:15","date_gmt":"2023-01-30T17:16:15","guid":{"rendered":"http:\/\/parafiadebe.com.pl\/?page_id=90"},"modified":"2023-02-05T16:10:31","modified_gmt":"2023-02-05T15:10:31","slug":"debe","status":"publish","type":"page","link":"https:\/\/parafiadebe.com.pl\/?page_id=90","title":{"rendered":"Ko\u015bci\u00f3\u0142 w D\u0119be"},"content":{"rendered":"\n<p class=\"has-medium-font-size\"><strong>KO\u015aCI\u00d3\u0141 PARAFIALNY PW. ZWIASTOWANIA NAJ\u015aWI\u0118TSZEJ MARYI PANNIE<\/strong><br>Projekt ko\u015bcio\u0142a w D\u0119bem opracowany zosta\u0142 w 1912 r. przez Jaros\u0142awa Wojciechowskiego, architekta diecezji kujawsko-kaliskiej. Na jego temat cz\u0142onkowie warszawskiego Ko\u0142a Architekt\u00f3w napisali, \u017ce: \u201ejest on bardzo ciekawy, a ko\u015bci\u00f3\u0142 jest wprawdzie jednonawowy, ale mimo tego posiada pozornie nawy boczne, bardzo w\u0105skie i w istocie b\u0119d\u0105ce szeregiem nisz o szkarpach przeprutych\u201d i dodali, \u017ce: \u201eko\u015bci\u00f3\u0142 pod wzgl\u0119dem technicznym jest dobrze zaprojektowany, a pod wzgl\u0119dem artystycznym posiada du\u017c\u0105 warto\u015b\u0107\u201d. Natomiast cz\u0142onkowie Komisji Archeologiczno-Budowlanej Kurii diecezji kujawsko-kaliskiej, stwierdzili w maju 1914 r., \u017ce: \u201eje\u017celi \u00f3w projekt b\u0119dzie wykonany \u015bci\u015ble wed\u0142ug planu, b\u0119dzie to jeden z najciekawszych i najpi\u0119kniejszych ko\u015bcio\u0142\u00f3w naszej diecezji\u201d.<br>Budow\u0119 ko\u015bcio\u0142a rozpocz\u0119to wiosn\u0105 1914 r. i do ko\u0144ca maja tego\u017c roku wykonano fundamenty nowej \u015bwi\u0105tyni. Prowadzenie dalszych prac przerwa\u0142 wybuch I wojny \u015bwiatowej i ich kontynuacj\u0119 podj\u0119to dopiero w 1917 roku. Prace budowlane, ciesielskie i dekarskie, realizowane przez Biuro Budowlane Stanis\u0142awa Pronaszki z Warszawy, uko\u0144czone zosta\u0142y p\u00f3\u017an\u0105 jesieni\u0105 1918 r., ale wyko\u0144czenie wn\u0119trza i jego wyposa\u017cenie trwa\u0142o a\u017c do 1924 roku.<br>\u015awi\u0105tynia posiada neoroma\u0144ski kszta\u0142t architektoniczny, jest murowana i otynkowana. Sk\u0142ada si\u0119 z prostok\u0105tnej nawy z niszami w \u015bcianach bocznych i nieco od niej w\u0119\u017cszego prezbiterium, zamkni\u0119tego p\u00f3\u0142kolist\u0105 apsyd\u0105 i zaopatrzonego w dwie lo\u017ce kolatorskie. Przylega do niego ma\u0142a czworoboczna przybud\u00f3wka i dwie niewielkie wie\u017cyczki ze schodami prowadz\u0105cymi do l\u00f3\u017c i pe\u0142ni\u0105cymi w dolnej partii funkcje zakrystii. Dach nad naw\u0105 i prezbiterium posiada form\u0119 dwuspadow\u0105 i wykonany jest z dach\u00f3wki ceramicznej. Od strony zachodniej do korpusu ko\u015bcio\u0142a dostawiona jest wysoka czworoboczna wie\u017ca zmieniaj\u0105ca swej kszta\u0142t w po\u0142owie wysoko\u015bci na o\u015bmioboczny. Przylegaj\u0105 do niej dwie okr\u0105g\u0142e wie\u017cyczki, kt\u00f3re mieszcz\u0105 w swych wn\u0119trzach klatki schodowe prowadz\u0105ce na wie\u017c\u0119 i ch\u00f3r muzyczny. W g\u00f3rnej cz\u0119\u015bci wie\u017cy \u2013 nakrytej \u0142amanym dachem z dach\u00f3wki ceramicznej \u2013 znajduj\u0105 si\u0119 dzwony i latarnie d\u017awi\u0119kowe. Szczyt wie\u017cy i apsydy wie\u0144cz\u0105 dwumetrowe krzy\u017ce, kute z \u017celaza.<br>\u015awi\u0105tynia posiada sklepienia beczkowe z lunetami i krzy\u017cowe, a okna w prezbiterium i nawie (z witra\u017cami z 2 po\u0142owy XX w.) zamkni\u0119te s\u0105 p\u00f3\u0142koli\u015bcie.<br>Wewn\u0105trz znajduje si\u0119 neobarokowy, architektoniczny, jednokondygnacyjny i tr\u00f3josiowy o\u0142tarz g\u0142\u00f3wny ze zwie\u0144czeniem w formie nacz\u00f3\u0142ka. Jego retabulum \u2013 z tabernakulum i gotyckim obrazem \u201eMadonny ze szczyg\u0142em\u201d (z po\u0142owy XV w.) \u2013 uj\u0119te jest z obu stron przez pseudokompozytowe kolumny, mi\u0119dzy kt\u00f3rymi ustawione s\u0105 rze\u017aby dw\u00f3ch Ewangelist\u00f3w \u2013 \u015bw. \u0141ukasza (z prawej strony) i \u015bw. Marka (z lewej strony). O\u0142tarz ten powsta\u0142 r\u00f3wnocze\u015bnie ze wznoszeniem \u015bwi\u0105tyni, ale w latach pi\u0119\u0107dziesi\u0105tych XX w., cz\u0119\u015bciowo go przebudowano \u2013 m.in. z obu jego bok\u00f3w dostawiono wtedy proste bramki z p\u0142ycinowymi drzwiami ozdobionymi rozetkami, na kt\u00f3rych stoj\u0105 rze\u017aby dw\u00f3ch pozosta\u0142ych Ewangelist\u00f3w \u2013 \u015bw. Mateusza (z prawej strony) i \u015bw. Jana (z lewej strony).<br>W \u015bwi\u0105tyni znajduj\u0105 si\u0119 tak\u017ce trzy barokowe o\u0142tarze boczne pochodz\u0105ce ze starego ko\u015bcio\u0142a oraz ambona koszowa z baldachimem, wykonana pod koniec lat czterdziestych XX w. (na miejsce spalonej w czasie II wojny \u015bwiatowej). W o\u0142tarzach umieszczone s\u0105 wizerunki przedstawiaj\u0105ce: \u015bw. Jud\u0119 Tadeusza (w zwie\u0144czeniu \u2013 \u015bw. Barbar\u0119), \u015bw. Izydora Oracza (w zwie\u0144czeniu \u015bw. J\u00f3zefa z Dzieci\u0105tkiem) i \u015bw. Walentego (w zwie\u0144czeniu \u2013 \u015bw. Antoniego Padewskiego), wykonane przez J\u00f3zefa Balukiewicza w latach dziewi\u0119\u0107dziesi\u0105tych XIX wieku.<br>Natomiast w zachodniej cz\u0119\u015bci korpusu ulokowany jest ch\u00f3r muzyczny z p\u00f3\u0142kolist\u0105 balustrad\u0105.<\/p>\n\n\n\n<figure class=\"wp-block-image size-large\"><img loading=\"lazy\" decoding=\"async\" width=\"1024\" height=\"506\" src=\"https:\/\/parafiadebe.com.pl\/wp-content\/uploads\/2023\/01\/Bez-tytulu8-1024x506.jpg\" alt=\"\" class=\"wp-image-103\" srcset=\"https:\/\/parafiadebe.com.pl\/wp-content\/uploads\/2023\/01\/Bez-tytulu8-1024x506.jpg 1024w, https:\/\/parafiadebe.com.pl\/wp-content\/uploads\/2023\/01\/Bez-tytulu8-300x148.jpg 300w, https:\/\/parafiadebe.com.pl\/wp-content\/uploads\/2023\/01\/Bez-tytulu8-768x380.jpg 768w, https:\/\/parafiadebe.com.pl\/wp-content\/uploads\/2023\/01\/Bez-tytulu8-1536x759.jpg 1536w, https:\/\/parafiadebe.com.pl\/wp-content\/uploads\/2023\/01\/Bez-tytulu8.jpg 1897w\" sizes=\"auto, (max-width: 1024px) 100vw, 1024px\" \/><\/figure>\n\n\n\n<figure class=\"wp-block-image size-large\"><img loading=\"lazy\" decoding=\"async\" width=\"665\" height=\"1024\" src=\"https:\/\/parafiadebe.com.pl\/wp-content\/uploads\/2023\/01\/Bez-tytulu9-665x1024.jpg\" alt=\"\" class=\"wp-image-104\" srcset=\"https:\/\/parafiadebe.com.pl\/wp-content\/uploads\/2023\/01\/Bez-tytulu9-665x1024.jpg 665w, https:\/\/parafiadebe.com.pl\/wp-content\/uploads\/2023\/01\/Bez-tytulu9-195x300.jpg 195w, https:\/\/parafiadebe.com.pl\/wp-content\/uploads\/2023\/01\/Bez-tytulu9-768x1183.jpg 768w, https:\/\/parafiadebe.com.pl\/wp-content\/uploads\/2023\/01\/Bez-tytulu9-997x1536.jpg 997w, https:\/\/parafiadebe.com.pl\/wp-content\/uploads\/2023\/01\/Bez-tytulu9-1329x2048.jpg 1329w, https:\/\/parafiadebe.com.pl\/wp-content\/uploads\/2023\/01\/Bez-tytulu9-scaled.jpg 1662w\" sizes=\"auto, (max-width: 665px) 100vw, 665px\" \/><\/figure>\n","protected":false},"excerpt":{"rendered":"<p>KO\u015aCI\u00d3\u0141 PARAFIALNY PW. ZWIASTOWANIA NAJ\u015aWI\u0118TSZEJ MARYI PANNIEProjekt ko\u015bcio\u0142a w D\u0119bem opracowany zosta\u0142 w 1912 r. przez Jaros\u0142awa Wojciechowskiego, architekta diecezji kujawsko-kaliskiej. Na jego temat cz\u0142onkowie warszawskiego Ko\u0142a Architekt\u00f3w napisali, \u017ce: \u201ejest on bardzo ciekawy, a ko\u015bci\u00f3\u0142 jest wprawdzie jednonawowy, ale mimo tego posiada pozornie nawy boczne, bardzo w\u0105skie i w istocie b\u0119d\u0105ce szeregiem nisz o &#8230; <span class=\"more\"><a class=\"more-link\" href=\"https:\/\/parafiadebe.com.pl\/?page_id=90\">[Read more&#8230;]<\/a><\/span><\/p>\n","protected":false},"author":1,"featured_media":0,"parent":0,"menu_order":0,"comment_status":"closed","ping_status":"closed","template":"","meta":{"footnotes":""},"class_list":["entry","page","publish","author-admin","post-90"],"_links":{"self":[{"href":"https:\/\/parafiadebe.com.pl\/index.php?rest_route=\/wp\/v2\/pages\/90","targetHints":{"allow":["GET"]}}],"collection":[{"href":"https:\/\/parafiadebe.com.pl\/index.php?rest_route=\/wp\/v2\/pages"}],"about":[{"href":"https:\/\/parafiadebe.com.pl\/index.php?rest_route=\/wp\/v2\/types\/page"}],"author":[{"embeddable":true,"href":"https:\/\/parafiadebe.com.pl\/index.php?rest_route=\/wp\/v2\/users\/1"}],"replies":[{"embeddable":true,"href":"https:\/\/parafiadebe.com.pl\/index.php?rest_route=%2Fwp%2Fv2%2Fcomments&post=90"}],"version-history":[{"count":6,"href":"https:\/\/parafiadebe.com.pl\/index.php?rest_route=\/wp\/v2\/pages\/90\/revisions"}],"predecessor-version":[{"id":246,"href":"https:\/\/parafiadebe.com.pl\/index.php?rest_route=\/wp\/v2\/pages\/90\/revisions\/246"}],"wp:attachment":[{"href":"https:\/\/parafiadebe.com.pl\/index.php?rest_route=%2Fwp%2Fv2%2Fmedia&parent=90"}],"curies":[{"name":"wp","href":"https:\/\/api.w.org\/{rel}","templated":true}]}}