{"id":47,"date":"2023-01-29T16:06:26","date_gmt":"2023-01-29T16:06:26","guid":{"rendered":"http:\/\/parafiadebe.com.pl\/?page_id=47"},"modified":"2023-01-30T19:55:17","modified_gmt":"2023-01-30T18:55:17","slug":"filia-kamien","status":"publish","type":"page","link":"https:\/\/parafiadebe.com.pl\/?page_id=47","title":{"rendered":"Filia Kamie\u0144"},"content":{"rendered":"\n<p class=\"has-medium-font-size\"><strong>KAPLICA FILIALNA PW. \u015aW. MIKO\u0141AJA BISKUPA<\/strong><br>Ko\u015bci\u00f3\u0142 w Kamieniu po raz pierwszy wymieniony zosta\u0142 w \u017ar\u00f3d\u0142ach pisanych w 1217 roku. W okresie reformacji znajdowa\u0142 si\u0119 on \u2013 w latach od 1587 r. do oko\u0142o 1610 r. \u2013 w posiadaniu braci czeskich. Po odzyskaniu \u015bwi\u0105tyni przez katolik\u00f3w, parafi\u0119 Kamie\u0144 reaktywowano, ale jej samodzielno\u015b\u0107 by\u0142a ograniczona, bowiem administracj\u0119 sprawowali w niej proboszczowie parafii D\u0119be. Po spaleniu si\u0119 miejscowego ko\u015bcio\u0142a w 1816 r., parafia zosta\u0142a zniesiona, a wchodz\u0105ce w jej sk\u0142ad miejscowo\u015bci przy\u0142\u0105czono do parafii D\u0119be. W 1848 r. na miejscu, w kt\u00f3rym sta\u0142 dawniej ko\u015bci\u00f3\u0142, \u00f3wczesny dziedzic Kamienia \u2013 Julian Czartkowski, zbudowa\u0142 kaplic\u0119 \u015bw. Miko\u0142aja z podziemn\u0105 krypt\u0105 grobow\u0105 rodziny Czartkowskich.<br>Dzisiejsza kaplica zbudowana zosta\u0142a w latach 1990-1996, staraniem ks. J\u00f3zefa Pos\u0142usznego. Jej konsekracji dokona\u0142 bp Stanis\u0142aw Napiera\u0142a w dniu 26 pa\u017adziernika 1996 roku. Posiada ona nowoczesn\u0105 form\u0119 architektoniczn\u0105, a wewn\u0105trz \u2013 przy \u015bcianie zachodniej<br>\u2013 znajduje si\u0119 ch\u00f3r muzyczny. W prezbiterium umieszczony jest drewniany krucyfiks, po bokach kt\u00f3rego zawieszone s\u0105 dwa obrazy: Matki Boskiej z Dzieci\u0105tkiem (w z\u0142oconej sukience) oraz \u015bw. Miko\u0142aja Biskupa \u2013 patrona kaplicy. W \u015bcianach nawy umieszczone s\u0105 spicza\u015bcie zamkni\u0119te otwory okienne, mi\u0119dzy kt\u00f3rymi znajduj\u0105 si\u0119 Stacje Drogi Krzy\u017cowej.<\/p>\n\n\n\n<figure class=\"wp-block-image size-large\"><img loading=\"lazy\" decoding=\"async\" width=\"1024\" height=\"243\" src=\"https:\/\/parafiadebe.com.pl\/wp-content\/uploads\/2023\/01\/Bez-tytulu1213-1024x243.jpg\" alt=\"\" class=\"wp-image-112\" srcset=\"https:\/\/parafiadebe.com.pl\/wp-content\/uploads\/2023\/01\/Bez-tytulu1213-1024x243.jpg 1024w, https:\/\/parafiadebe.com.pl\/wp-content\/uploads\/2023\/01\/Bez-tytulu1213-300x71.jpg 300w, https:\/\/parafiadebe.com.pl\/wp-content\/uploads\/2023\/01\/Bez-tytulu1213-768x182.jpg 768w, https:\/\/parafiadebe.com.pl\/wp-content\/uploads\/2023\/01\/Bez-tytulu1213-1536x364.jpg 1536w, https:\/\/parafiadebe.com.pl\/wp-content\/uploads\/2023\/01\/Bez-tytulu1213.jpg 1941w\" sizes=\"auto, (max-width: 1024px) 100vw, 1024px\" \/><\/figure>\n","protected":false},"excerpt":{"rendered":"<p>KAPLICA FILIALNA PW. \u015aW. MIKO\u0141AJA BISKUPAKo\u015bci\u00f3\u0142 w Kamieniu po raz pierwszy wymieniony zosta\u0142 w \u017ar\u00f3d\u0142ach pisanych w 1217 roku. W okresie reformacji znajdowa\u0142 si\u0119 on \u2013 w latach od 1587 r. do oko\u0142o 1610 r. \u2013 w posiadaniu braci czeskich. Po odzyskaniu \u015bwi\u0105tyni przez katolik\u00f3w, parafi\u0119 Kamie\u0144 reaktywowano, ale jej samodzielno\u015b\u0107 by\u0142a ograniczona, bowiem administracj\u0119 &#8230; <span class=\"more\"><a class=\"more-link\" href=\"https:\/\/parafiadebe.com.pl\/?page_id=47\">[Read more&#8230;]<\/a><\/span><\/p>\n","protected":false},"author":1,"featured_media":0,"parent":0,"menu_order":0,"comment_status":"closed","ping_status":"closed","template":"","meta":{"footnotes":""},"class_list":["entry","page","publish","author-admin","post-47"],"_links":{"self":[{"href":"https:\/\/parafiadebe.com.pl\/index.php?rest_route=\/wp\/v2\/pages\/47","targetHints":{"allow":["GET"]}}],"collection":[{"href":"https:\/\/parafiadebe.com.pl\/index.php?rest_route=\/wp\/v2\/pages"}],"about":[{"href":"https:\/\/parafiadebe.com.pl\/index.php?rest_route=\/wp\/v2\/types\/page"}],"author":[{"embeddable":true,"href":"https:\/\/parafiadebe.com.pl\/index.php?rest_route=\/wp\/v2\/users\/1"}],"replies":[{"embeddable":true,"href":"https:\/\/parafiadebe.com.pl\/index.php?rest_route=%2Fwp%2Fv2%2Fcomments&post=47"}],"version-history":[{"count":3,"href":"https:\/\/parafiadebe.com.pl\/index.php?rest_route=\/wp\/v2\/pages\/47\/revisions"}],"predecessor-version":[{"id":113,"href":"https:\/\/parafiadebe.com.pl\/index.php?rest_route=\/wp\/v2\/pages\/47\/revisions\/113"}],"wp:attachment":[{"href":"https:\/\/parafiadebe.com.pl\/index.php?rest_route=%2Fwp%2Fv2%2Fmedia&parent=47"}],"curies":[{"name":"wp","href":"https:\/\/api.w.org\/{rel}","templated":true}]}}