{"id":244,"date":"2023-02-05T16:09:24","date_gmt":"2023-02-05T15:09:24","guid":{"rendered":"https:\/\/parafiadebe.com.pl\/?page_id=244"},"modified":"2023-02-05T16:09:25","modified_gmt":"2023-02-05T15:09:25","slug":"cudowny-obraz","status":"publish","type":"page","link":"https:\/\/parafiadebe.com.pl\/?page_id=244","title":{"rendered":"Cudowny Obraz"},"content":{"rendered":"\n<p class=\"has-medium-font-size\"><strong>CUDOWNY OBRAZ MATKI BO\u017bEJ D\u0118BSKIEJ<br>OBRAZ \u201eMADONNA ZE SZCZYG\u0141EM\u201d<\/strong><br>Obraz znajduje si\u0119 w o\u0142tarzu g\u0142\u00f3wnym. Namalowany zosta\u0142 oko\u0142o 1450 r. temper\u0105 na drewnianej, lipowej desce, o wymiarach 67,0 x 52,5 cm, i do chwili obecnej oprawiony jest w szerok\u0105, z\u0142ocon\u0105, gotyck\u0105 ram\u0119 o wymiarach: 90,5 x 75,5 centymetr\u00f3w. Nale\u017cy do grona najcenniejszych zabytk\u00f3w sztuki sakralnej na ziemi kaliskiej.<br>Przedstawia Matk\u0119 Bo\u017c\u0105 z Dzieci\u0105tkiem na prawym ramieniu, stoj\u0105c\u0105 przy ceglanym parapecie, na z\u0142ocistym tle, cz\u0119\u015bciowo przys\u0142oni\u0119tym czerwono-z\u0142ot\u0105, wzorzyst\u0105 kotar\u0105, pokryt\u0105 ornamentem akantowo-li\u015bciastym. Unosz\u0105 j\u0105 do g\u00f3ry dwa anio\u0142y z szeroko rozpostartymi skrzyd\u0142ami. Jeden z nich \u2013 z prawej strony obrazu \u2013 ubrany jest w czerwon\u0105 szat\u0119 z zielonym ko\u0142nierzem i ma ciemnozielone skrzyd\u0142a, za\u015b drugi \u2013 z lewej strony \u2013 ma zielony str\u00f3j z czerwonym ko\u0142nierzem i z\u0142ociste skrzyd\u0142a wyodr\u0119bnione z t\u0142a czerwonym konturem.<br>Maryja, przedstawiona w p\u00f3\u0142postaci, ze sp\u0142ywaj\u0105c\u0105 na ramiona chust\u0105 na g\u0142owie, ubrana jest w ciemnozielon\u0105 sukni\u0119 przepasan\u0105 wysoko w talii z\u0142otym paskiem i gruby niebieski p\u0142aszcz \u2013 podwini\u0119ty na prawym ramieniu \u2013 z widoczn\u0105 miejscami czerwon\u0105 podszewk\u0105. Natomiast Dzieci\u0105tko, niemal ca\u0142kowicie obna\u017cone, ma zawieszone na szyi cztery czerwone paciorki nanizane na zielon\u0105 tasiemk\u0119 i przedzielone ga\u0142\u0105zk\u0105 koralu. Palcami lewej r\u0119ki trzyma Ono bia\u0142\u0105 chustk\u0119, a w prawej r\u0105czce smoczek (tak zwan\u0105 sosulk\u0119), w postaci bia\u0142ego, p\u0142\u00f3ciennego woreczka, na kt\u00f3rym siedzi niewielki ptaszek \u2013 szczygie\u0142.<br>W 1601 r. prymas Stanis\u0142aw Karnkowski, z uwagi na liczne \u0142aski i cuda otrzymywane przez wiernych za przyczyn\u0105 d\u0119bskiej Madonny, uzna\u0142 ten obraz za cudowny (miraculosa), co potwierdzi\u0142 tak\u017ce arcybiskup gnie\u017anie\u0144ski Gabriel Podoski w 1771 roku, a o rozwijaj\u0105cym si\u0119 w D\u0119be kultem maryjnym \u015bwiadczy\u0142y tak\u017ce przybywaj\u0105ce tu pielgrzymki i liczne wota zawieszone wok\u00f3\u0142 obrazu.<br>Obecnie postacie ukazane na obrazie \u2013 w kr\u00f3lewskich koronach z kab\u0142\u0105kami spi\u0119tymi krzy\u017cykami \u2013 w du\u017cej cz\u0119\u015bci przykryte s\u0105 srebrn\u0105, poz\u0142acan\u0105 sukienk\u0105 wykonan\u0105 wsp\u00f3\u0142cze\u015bnie w miejsce poprzedniej, dziewi\u0119tnastowiecznej, skradzionej w 1996 roku.<br>W kr\u0119gu dzie\u0142 polskiego malarstwa gotyckiego obraz ten jest zjawiskiem odosobnionym, nie maj\u0105cym analogii. Widoczne natomiast s\u0105 w nim wp\u0142ywy malarstwa czeskiego i w\u0142oskie \u017ar\u00f3d\u0142a inspiracji. Jednak ze wzgl\u0119du na cechy formalne, historycy sztuki powstanie tego dzie\u0142a przypisuj\u0105 nieznanej, \u015bredniowiecznej, prowincjonalnej pracowni malarskiej, dzia\u0142aj\u0105cej w po\u0142owie XV w. najprawdopodobniej w Kaliszu, a jeden z nich \u2013 Juliusz Antoni Chro\u015bcicki \u2013<br>wysun\u0105\u0142 przypuszczenie, \u017ce: \u201erealnym faktem stoj\u0105cym u genezy fundacji obrazu musia\u0142a by\u0107 choroba dziecka i jego uzdrowienie oraz akt podzi\u0119ki rodzic\u00f3w za \u0142ask\u0119 jego powrotu do zdrowia\u201d.<br>Natomiast na temat okoliczno\u015bci pojawienia si\u0119 tego obrazu w D\u0119bem ks. Alojzy Fridrich, jezuita, w trzecim tomie ksi\u0105\u017cki \u201eHistorye cudownych obraz\u00f3w Naj\u015bwi\u0119tszej Maryi Panny w Polsce\u201d (Krak\u00f3w 1908) napisa\u0142 \u2013 na podstawie wcze\u015bniejszej pracy o obrazach maryjnych autorstwa kapucyna Wac\u0142awa z Sulgostowa \u2013 \u017ce: \u201ejak m\u00f3wi podanie, obraz ten znaleziony zosta\u0142 na b\u0142otach w tej okolicy, przez m\u0142ynarza, kt\u00f3ry dla\u0144 ma\u0142\u0105 kapliczk\u0119 w ogrodzie swoim wystawi\u0142 i w niej go umie\u015bci\u0142. Tu zbiera\u0142y si\u0119 t\u0142umy pobo\u017cnych zw\u0142aszcza w czasie wiosennym od Wielkiejnocy a\u017c do Zielonych \u015awi\u0105t i licznych doznawa\u0142y cud\u00f3w\u201d.<br>Jest to jednak tylko legenda nie poparta jakimikolwiek dowodami i bardziej prawdopodobnym wydaje si\u0119, \u017ce obraz ufundowali pi\u0119tnastowieczni w\u0142a\u015bciciele wsi D\u0119be \u2013 D\u0119bscy, by\u0107 mo\u017ce \u2013 przyjmuj\u0105c s\u0142uszno\u015b\u0107 propozycji wysuni\u0119tej przez J. A. Chro\u015bcickiego \u2013 w podzi\u0119kowaniu Matce Bo\u017cej za jej wstawiennictwo u Boga i otrzymanie \u0142aski powrotu do zdrowia jednego z ich syn\u00f3w \u2013 Piotra lub Jana, znanych ze \u017ar\u00f3de\u0142 pisanych.<\/p>\n\n\n\n<figure class=\"wp-block-image size-large\"><img loading=\"lazy\" decoding=\"async\" width=\"1024\" height=\"739\" src=\"https:\/\/parafiadebe.com.pl\/wp-content\/uploads\/2023\/01\/Bez-tytulu14-1024x739.jpg\" alt=\"\" class=\"wp-image-115\" srcset=\"https:\/\/parafiadebe.com.pl\/wp-content\/uploads\/2023\/01\/Bez-tytulu14-1024x739.jpg 1024w, https:\/\/parafiadebe.com.pl\/wp-content\/uploads\/2023\/01\/Bez-tytulu14-300x216.jpg 300w, https:\/\/parafiadebe.com.pl\/wp-content\/uploads\/2023\/01\/Bez-tytulu14-768x554.jpg 768w, https:\/\/parafiadebe.com.pl\/wp-content\/uploads\/2023\/01\/Bez-tytulu14-1536x1108.jpg 1536w, https:\/\/parafiadebe.com.pl\/wp-content\/uploads\/2023\/01\/Bez-tytulu14.jpg 1893w\" sizes=\"auto, (max-width: 1024px) 100vw, 1024px\" \/><\/figure>\n","protected":false},"excerpt":{"rendered":"<p>CUDOWNY OBRAZ MATKI BO\u017bEJ D\u0118BSKIEJOBRAZ \u201eMADONNA ZE SZCZYG\u0141EM\u201dObraz znajduje si\u0119 w o\u0142tarzu g\u0142\u00f3wnym. Namalowany zosta\u0142 oko\u0142o 1450 r. temper\u0105 na drewnianej, lipowej desce, o wymiarach 67,0 x 52,5 cm, i do chwili obecnej oprawiony jest w szerok\u0105, z\u0142ocon\u0105, gotyck\u0105 ram\u0119 o wymiarach: 90,5 x 75,5 centymetr\u00f3w. Nale\u017cy do grona najcenniejszych zabytk\u00f3w sztuki sakralnej na ziemi &#8230; <span class=\"more\"><a class=\"more-link\" href=\"https:\/\/parafiadebe.com.pl\/?page_id=244\">[Read more&#8230;]<\/a><\/span><\/p>\n","protected":false},"author":1,"featured_media":0,"parent":0,"menu_order":0,"comment_status":"closed","ping_status":"closed","template":"","meta":{"footnotes":""},"class_list":["entry","page","publish","author-admin","post-244"],"_links":{"self":[{"href":"https:\/\/parafiadebe.com.pl\/index.php?rest_route=\/wp\/v2\/pages\/244","targetHints":{"allow":["GET"]}}],"collection":[{"href":"https:\/\/parafiadebe.com.pl\/index.php?rest_route=\/wp\/v2\/pages"}],"about":[{"href":"https:\/\/parafiadebe.com.pl\/index.php?rest_route=\/wp\/v2\/types\/page"}],"author":[{"embeddable":true,"href":"https:\/\/parafiadebe.com.pl\/index.php?rest_route=\/wp\/v2\/users\/1"}],"replies":[{"embeddable":true,"href":"https:\/\/parafiadebe.com.pl\/index.php?rest_route=%2Fwp%2Fv2%2Fcomments&post=244"}],"version-history":[{"count":1,"href":"https:\/\/parafiadebe.com.pl\/index.php?rest_route=\/wp\/v2\/pages\/244\/revisions"}],"predecessor-version":[{"id":245,"href":"https:\/\/parafiadebe.com.pl\/index.php?rest_route=\/wp\/v2\/pages\/244\/revisions\/245"}],"wp:attachment":[{"href":"https:\/\/parafiadebe.com.pl\/index.php?rest_route=%2Fwp%2Fv2%2Fmedia&parent=244"}],"curies":[{"name":"wp","href":"https:\/\/api.w.org\/{rel}","templated":true}]}}