{"id":207,"date":"2023-02-01T21:23:07","date_gmt":"2023-02-01T20:23:07","guid":{"rendered":"http:\/\/parafiadebe.com.pl\/?page_id=207"},"modified":"2025-03-22T21:51:54","modified_gmt":"2025-03-22T20:51:54","slug":"zapowiedzi-przedslubne","status":"publish","type":"page","link":"https:\/\/parafiadebe.com.pl\/?page_id=207","title":{"rendered":"Zapowiedzi przed\u015blubne"},"content":{"rendered":"\n<div class=\"wp-block-group\"><div class=\"wp-block-group__inner-container is-layout-constrained wp-block-group-is-layout-constrained\">\n<figure class=\"wp-block-image size-full\"><img loading=\"lazy\" decoding=\"async\" width=\"900\" height=\"550\" src=\"https:\/\/parafiadebe.com.pl\/wp-content\/uploads\/2023\/02\/zapowiedzi-przedslubne-co-to.png\" alt=\"\" class=\"wp-image-264\" srcset=\"https:\/\/parafiadebe.com.pl\/wp-content\/uploads\/2023\/02\/zapowiedzi-przedslubne-co-to.png 900w, https:\/\/parafiadebe.com.pl\/wp-content\/uploads\/2023\/02\/zapowiedzi-przedslubne-co-to-300x183.png 300w, https:\/\/parafiadebe.com.pl\/wp-content\/uploads\/2023\/02\/zapowiedzi-przedslubne-co-to-768x469.png 768w\" sizes=\"auto, (max-width: 900px) 100vw, 900px\" \/><\/figure>\n<\/div><\/div>\n\n\n\n<p class=\"has-large-font-size\">Mateusz MIKO\u0141AJEWSKI, kawaler \u2013 Parafia D\u0119be<\/p>\n\n\n\n<p class=\"has-large-font-size\">Oliwia MORAWSKA, panna \u2013 Parafia Ko\u015bcielec Kaliski<\/p>\n\n\n\n<p class=\"has-large-font-size\">Manuel GA\u0141\u0118SKI, kawaler \u2013 Parafia D\u0119be<\/p>\n\n\n\n<p class=\"has-large-font-size\">Martyna SZULC, panna \u2013 Parafia Bork\u00f3w Stary<\/p>\n\n\n\n<p class=\"has-large-font-size\">Daniel FILIPOWICZ, kawaler \u2013 Parafia D\u0119be<\/p>\n\n\n\n<p class=\"has-large-font-size\">Wiktoria BEDANREK, panna \u2013 Parafia Czermin<\/p>\n\n\n\n<p class=\"has-large-font-size\">Z Chrystusowym pozdrowieniem \u2013 ks. S\u0142awomir<\/p>\n\n\n\n<p><\/p>\n","protected":false},"excerpt":{"rendered":"<p>Mateusz MIKO\u0141AJEWSKI, kawaler \u2013 Parafia D\u0119be Oliwia MORAWSKA, panna \u2013 Parafia Ko\u015bcielec Kaliski Manuel GA\u0141\u0118SKI, kawaler \u2013 Parafia D\u0119be Martyna SZULC, panna \u2013 Parafia Bork\u00f3w Stary Daniel FILIPOWICZ, kawaler \u2013 Parafia D\u0119be Wiktoria BEDANREK, panna \u2013 Parafia Czermin Z Chrystusowym pozdrowieniem \u2013 ks. S\u0142awomir<\/p>\n","protected":false},"author":1,"featured_media":0,"parent":0,"menu_order":0,"comment_status":"closed","ping_status":"closed","template":"","meta":{"footnotes":""},"class_list":["entry","page","publish","author-admin","post-207"],"_links":{"self":[{"href":"https:\/\/parafiadebe.com.pl\/index.php?rest_route=\/wp\/v2\/pages\/207","targetHints":{"allow":["GET"]}}],"collection":[{"href":"https:\/\/parafiadebe.com.pl\/index.php?rest_route=\/wp\/v2\/pages"}],"about":[{"href":"https:\/\/parafiadebe.com.pl\/index.php?rest_route=\/wp\/v2\/types\/page"}],"author":[{"embeddable":true,"href":"https:\/\/parafiadebe.com.pl\/index.php?rest_route=\/wp\/v2\/users\/1"}],"replies":[{"embeddable":true,"href":"https:\/\/parafiadebe.com.pl\/index.php?rest_route=%2Fwp%2Fv2%2Fcomments&post=207"}],"version-history":[{"count":4,"href":"https:\/\/parafiadebe.com.pl\/index.php?rest_route=\/wp\/v2\/pages\/207\/revisions"}],"predecessor-version":[{"id":1024,"href":"https:\/\/parafiadebe.com.pl\/index.php?rest_route=\/wp\/v2\/pages\/207\/revisions\/1024"}],"wp:attachment":[{"href":"https:\/\/parafiadebe.com.pl\/index.php?rest_route=%2Fwp%2Fv2%2Fmedia&parent=207"}],"curies":[{"name":"wp","href":"https:\/\/api.w.org\/{rel}","templated":true}]}}