{"id":184,"date":"2023-02-01T15:23:43","date_gmt":"2023-02-01T14:23:43","guid":{"rendered":"http:\/\/parafiadebe.com.pl\/?page_id=184"},"modified":"2023-02-05T12:27:08","modified_gmt":"2023-02-05T11:27:08","slug":"modlitwy","status":"publish","type":"page","link":"https:\/\/parafiadebe.com.pl\/?page_id=184","title":{"rendered":"Modlitwy"},"content":{"rendered":"\n<p class=\"has-medium-font-size\"><strong>ZWIASTOWANIE<br>ZWIASTOWANIE W PI\u015aMIE \u015aWI\u0118TYM<br>\u201eW sz\u00f3stym miesi\u0105cu pos\u0142a\u0142 B\u00f3g anio\u0142a Gabriela do miasta w Galilei, zwanego Nazaret, do Dziewicy po\u015blubionej m\u0119\u017cowi, imieniem J\u00f3zef, z rodu Dawida; a Dziewicy by\u0142o na imi\u0119 Maryja. Anio\u0142 wszed\u0142 do Niej i rzek\u0142: \u00bbB\u0105d\u017a pozdrowiona, pe\u0142na \u0142aski, Pan z Tob\u0105, b\u0142ogos\u0142awiona jeste\u015b mi\u0119dzy niewiastami\u00ab. Ona zmiesza\u0142a si\u0119 na te s\u0142owa i rozwa\u017ca\u0142a, co mia\u0142oby znaczy\u0107 to pozdrowienie. Lecz anio\u0142 rzek\u0142 do Niej: \u00bbNie b\u00f3j si\u0119, Maryjo, znalaz\u0142a\u015b bowiem \u0142ask\u0119 u Boga. Oto<br>poczniesz i porodzisz Syna, kt\u00f3remu nadasz imi\u0119 Jezus. B\u0119dzie On wielki i b\u0119dzie nazwany Synem Najwy\u017cszego, a Pan B\u00f3g da Mu tron Jego praojca, Dawida. B\u0119dzie panowa\u0142 nad domem Jakuba na wieki, a Jego panowaniu nie b\u0119dzie ko\u0144ca\u00ab. Na to Maryja rzek\u0142a do anio\u0142a: \u00bbJak\u017ce si\u0119 to stanie, skoro nie znam m\u0119\u017ca? \u00ab Anio\u0142 Jej odpowiedzia\u0142: \u00bbDuch \u015awi\u0119ty zst\u0105pi na Ciebie i moc Najwy\u017cszego os\u0142oni Ci\u0119. Dlatego te\u017c \u015awi\u0119te, kt\u00f3re si\u0119 narodzi, b\u0119dzie nazwane Synem Bo\u017cym. A oto r\u00f3wnie\u017c krewna Twoja, El\u017cbieta, pocz\u0119\u0142a w swej staro\u015bci syna i jest ju\u017c w sz\u00f3stym miesi\u0105cu ta, kt\u00f3ra uchodzi za niep\u0142odn\u0105. Dla Boga bowiem nie ma nic niemo\u017cliwego\u00ab. Na to rzek\u0142a Maryja: \u00bbOto Ja s\u0142u\u017cebnica Pa\u0144ska, niech Mi si\u0119 stanie wed\u0142ug twego s\u0142owa\u00ab\u201d. Wtedy odszed\u0142 od Niej anio\u0142\u201d (\u0141k 1, 26-38).<\/strong><\/p>\n\n\n\n<p class=\"has-medium-font-size\"><strong>ZWIASTOWANIE W LITURGII<br>W\u015br\u00f3d modlitw upami\u0119tniaj\u0105cych Zwiastowanie Naj\u015bwi\u0119tszej Maryi Pannie szczeg\u00f3lne miejsce zajmuje \u201ePozdrowienie Anielskie\u201d oraz modlitwa \u201eAnio\u0142 Pa\u0144ski\u201d.<br>\u201ePozdrowienie Anielskie\u201d jest modlitw\u0105 sk\u0142adaj\u0105c\u0105 si\u0119 z pozdrowienia Archanio\u0142a, radosnych s\u0142\u00f3w \u015bw. El\u017cbiety i modlitwy Ko\u015bcio\u0142a.<br>Na s\u0142owach: \u201e\u0142aski pe\u0142na\u201d, wypowiedzianych przez Archanio\u0142a<br>Gabriela do Maryi przy Zwiastowaniu, Ko\u015bci\u00f3\u0142 opar\u0142 wiar\u0119 w Niepokalane Pocz\u0119cie Maryi. Natomiast s\u0142owa \u015bw. El\u017cbiety: \u201eB\u0142ogos\u0142awiona\u015b Ty mi\u0119dzy niewiastami i b\u0142ogos\u0142awiony<br>owoc \u017cywota Twojego\u201d, zawieraj\u0105 cz\u0119\u015b\u0107 pozdrowienia anielskiego i s\u0105 rozszerzone o tre\u015b\u0107 wskazuj\u0105c\u0105 na to, \u017ce znana jej by\u0142a Tajemnica Zwiastowania i spocz\u0119cie na Maryi tak wielkiej godno\u015bci.<br>Do XVI w. w Ko\u015bciele odmawiano tylko s\u0142owa Archanio\u0142a Gabriela i \u015bw. El\u017cbiety, a dalsz\u0105 cz\u0119\u015b\u0107 znanego nam dobrze \u201ePozdrowienia Anielskiego\u201d wprowadzi\u0142 do tej modlitwy papie\u017c \u015bw. Pius V.<br>Do liturgii \u201ePozdrowienie Anielskie\u201d w\u0142\u0105czone zosta\u0142o w XII w., w formie antyfony do Mszy \u015bwi\u0119tej w IV Niedziel\u0119 Adwentu.<br>Natomiast modlitwa \u201eAnio\u0142 Pa\u0144ski\u201d swymi pocz\u0105tkami si\u0119ga czas\u00f3w \u015bredniowiecza, kiedy to bicie dzwon\u00f3w wzywa\u0142o wiernych do pobo\u017cnego jej odmawiania i jednocze\u015bnie wyznacza\u0142o im trzy pory dnia: rano, po\u0142udnie i wiecz\u00f3r.<br>W czasach wsp\u00f3\u0142czesnych do odmawiania tej modlitwy zach\u0119caj\u0105 nas s\u0142owa papie\u017ca Paw\u0142a VI, zawarte w Adhortacji apostolskiej \u201eMarialis cultus\u201d: \u201eGdy chodzi o modlitw\u0119 Anio\u0142 Pa\u0144ski, to chcemy jedynie powt\u00f3rzy\u0107 nasz\u0105 zach\u0119t\u0119, prost\u0105, lecz gor\u0105c\u0105, aby zwyczajowe odmawianie tej modlitwy zosta\u0142o zachowane. Mimo bowiem up\u0142ywu wiek\u00f3w zachowuje ona swoj\u0105 si\u0142\u0119 i blask. Jest to modlitwa prosta, zaczerpni\u0119ta z Pisma \u015bwi\u0119tego\u201d.<\/strong><\/p>\n\n\n\n<p class=\"has-medium-font-size\"><strong>ZWIASTOWANIE W SZTUCE<br>Zwiastowanie Naj\u015bwi\u0119tszej Maryi Pannie jest tematem wielu dzie\u0142 malarskich i rze\u017abiarskich. Najstarsze plastyczne wyobra\u017cenie tego wydarzenia pochodzi z II w. i znajduje si\u0119 w rzymskich katakumbach \u015bw. Pryscylli. Na zachowanym tam fresku Maryja siedzi na krze\u015ble, a przed ni\u0105 stoi anio\u0142 bez skrzyde\u0142, ubrany w tunik\u0119 i paliusz, ukazany w postaci m\u0142odzie\u0144ca. Podobne malowid\u0142o pochodzi z III w. i znajduje si\u0119 w katakumbach \u015bw. Piotra i Marcelina. Od IV w. Archanio\u0142 Gabriel przedstawiany jest ze skrzyd\u0142ami i cz\u0119sto trzyma w r\u0119ce lask\u0119 podr\u00f3\u017cn\u0105 lub lili\u0119. Z tego te\u017c wieku pochodzi barwna mozaika umieszczona na \u0142uku t\u0119czy w bazylice Matki Bo\u017cej Wi\u0119kszej w Rzymie. Maryja na niej ukazana ubrana jest w kr\u00f3lewski diadem i bogate szaty. Siedzi na tronie i haftuje purpurow\u0105 zas\u0142on\u0119 dla \u015bwi\u0105tyni jerozolimskiej. Nad ni\u0105 unosi si\u0119 Duch \u015awi\u0119ty w postaci go\u0142\u0119bicy, a w pobli\u017cu stoi Archanio\u0142 Gabriel.<br>W p\u00f3\u017aniejszych wiekach scena Zwiastowania by\u0142a jednym z najbardziej ulubionych temat\u00f3w malarstwa religijnego. Namalowali j\u0105 mi\u0119dzy innymi: Simone Martini, Fra Angelico, Robert Campin, Hans Memling, Sandro Botticelli, Mistrz Bawarski, Mistrz Jerzy, El Greco, Luca Giordano, czy te\u017c Bartolom\u00e9 Esteban Murillo.<br>Zwiastowanie Naj\u015bwi\u0119tszej Maryi Pannie przedstawione jest tak\u017ce na mozaice znajduj\u0105cej si\u0119 w Bazylice Matki Bo\u017cej R\u00f3\u017ca\u0144cowej w Lourdes (ok. 1895-1907 r.), a Wit Stwosz po\u015bwi\u0119ci\u0142 mu jedn\u0105 z kwater o\u0142tarza wykonanego w latach 1477-1489 dla Ko\u015bcio\u0142a Mariackiego w Krakowie.<br>Zdj\u0119cia &#8211; podpisy :<br>Simone Martini, Zwiastowanie, obraz na desce namalowany ok. 1330 r.<br>Fra Angelico, Zwiastowanie, tempera na desce, ok. 1430-1432 r. (Muzeum Prado, Madryt) Robert Campin, Zwiastowanie \u2013 \u015brodkowa cz\u0119\u015b\u0107 \u201eO\u0142tarza Merode\u201d, olej na d\u0119bowej desce, ok. 1427-1432 r. (Metropolitan Museum of Art, Nowy Jork)<br>Hans Memling, Zwiastowanie, olej na desce, ok. 1482 r. (Metropolitan Museum of Art, Nowy Jork)<br>Sandro Botticelli, Zwiastowanie z Cestello, tempera na desce, ok. 1490 r. (Galeria Uffizi, Florencja)<br>Mistrz Bawarski, Zwiastowanie Maryi, tempera na desce, ok. 1500 r. (Kunsthaus, Z\u00fcrich) Mistrz Jerzy, Zwiastowanie \u2013 \u015brodkowa cz\u0119\u015b\u0107 tryptyku wykonanego dla kolegiaty \u015bw. Micha\u0142a na Wawelu, tempera na desce, 1517 r. (Muzeum Ksi\u0105\u017c\u0105t Czartoryskich w Krakowie) El Greco, Zwiastowanie, olej na p\u0142\u00f3tnie, ok. 1595-1600 r. (Sammlung Marquis de Rochefort, Budapeszt)<br>Luca Giordano, Zwiastowanie, olej na p\u0142\u00f3tnie, 1672 r. (The Metropolitan Museum of Art, Nowy Jork)<br>Bartolom\u00e9 Esteban Murillo, Zwiastowanie, olej na p\u0142\u00f3tnie, ok. 1660-1680 r. (Rijksmuseum, Amsterdam)<br>Zwiastowanie, mozaika w Bazylice Matki Bo\u017cej R\u00f3\u017ca\u0144cowej w Lourdes (ok. 1895-1907 r.) Wit Stwosz, Zwiastowanie, rze\u017aba \u2013 jedna z kwater o\u0142tarza w Ko\u015bciele Mariackim w Krakowie<\/strong><\/p>\n\n\n\n<figure class=\"wp-block-image size-large\"><img loading=\"lazy\" decoding=\"async\" width=\"1024\" height=\"777\" src=\"https:\/\/parafiadebe.com.pl\/wp-content\/uploads\/2023\/01\/Bez-tytulu15-1024x777.jpg\" alt=\"\" class=\"wp-image-118\" srcset=\"https:\/\/parafiadebe.com.pl\/wp-content\/uploads\/2023\/01\/Bez-tytulu15-1024x777.jpg 1024w, https:\/\/parafiadebe.com.pl\/wp-content\/uploads\/2023\/01\/Bez-tytulu15-300x228.jpg 300w, https:\/\/parafiadebe.com.pl\/wp-content\/uploads\/2023\/01\/Bez-tytulu15-768x583.jpg 768w, https:\/\/parafiadebe.com.pl\/wp-content\/uploads\/2023\/01\/Bez-tytulu15-1536x1165.jpg 1536w, https:\/\/parafiadebe.com.pl\/wp-content\/uploads\/2023\/01\/Bez-tytulu15.jpg 2031w\" sizes=\"auto, (max-width: 1024px) 100vw, 1024px\" \/><\/figure>\n\n\n\n<p class=\"has-medium-font-size\"><strong>ZWIASTOWANIE W MUZYCE<br>Od pierwszych wiek\u00f3w chrze\u015bcijanie czcili Matk\u0119 Bo\u017c\u0105 na r\u00f3\u017cne sposoby, a jednym z najwspanialszych dowod\u00f3w mi\u0142o\u015bci jak\u0105 otaczano Matk\u0119 Pana Jezusa, by\u0142 hymn liturgiczny ku czci Bogurodzicy zwany Akatystem. Sk\u0142ada si\u0119 on ze \u015bpiewanych na stoj\u0105co pie\u015bni pochwalnych oraz modlitw ku czci Chrystusa, Naj\u015bwi\u0119tszej Maryi Panny i \u015awi\u0119tych.<br>Przyjmuje si\u0119, \u017ce jest on najstarszym hymnem maryjnym, kt\u00f3ry Matka Bo\u017ca przekaza\u0142a w cudowny spos\u00f3b \u015bw. Romanowi Pie\u015bniarzowi. Po raz pierwszy Akatyst wykonany zosta\u0142 7 sierpnia 626 r., kiedy to dzi\u0119ki opiece Bogurodzicy Konstantynopol zosta\u0142 uratowany przed atakiem poga\u0144skich Awar\u00f3w, kt\u00f3rych flot\u0119 zniszczy\u0142 gwa\u0142towny huragan. Ludno\u015b\u0107 miasta \u015bpiewa\u0142a wtedy ca\u0142\u0105 noc na stoj\u0105co hymn ku czci Bogurodzicy, dzi\u0119kuj\u0105c Jej za ocalenie.<br>Oko\u0142o VIII w., dzi\u0119ki kontaktom Wenecjan ze Wschodem, Akatyst zosta\u0142 przeniesiony do W\u0142och i przet\u0142umaczony na \u0142acin\u0119. W Polsce nie by\u0142 on jednak powszechnie znany, bowiem pierwszy jego przek\u0142ad na j\u0119zyk polski powsta\u0142 dopiero w 1965 roku.<br>Akatyst sk\u0142ada si\u0119 z dw\u00f3ch wzajemnie przeplataj\u0105cych si\u0119 cz\u0119\u015bci, z kt\u00f3rych pierwsza przedstawia historie z \u017cycia Maryi (od Zwiastowania do Ofiarowania Jezusa w \u015awi\u0105tyni), a druga posiada charakter teologiczny i rozwa\u017ca bosk\u0105 i ludzk\u0105 natur\u0119 Chrystusa i dziewictwo Maryi.<br>\u015apiewany on jest najcz\u0119\u015bciej w czasie Wielkiego Postu, w \u015bwi\u0119to Zwiastowania Naj\u015bwi\u0119tszej Maryi Pannie oraz w \u015awi\u0119to Niepokalanego Pocz\u0119cia Maryi, ale na Jasnej G\u00f3rze Akatyst do Bogurodzicy Maryi \u015bpiewany jest w ka\u017cd\u0105 sobot\u0119 w kaplicy Cudownego Obrazu w intencji pokoju na ca\u0142ym \u015bwiecie.<br>Zwiastowaniu Naj\u015bwi\u0119tszej Maryi Pannie utwory muzyczne po\u015bwi\u0119ci\u0142o tak\u017ce wielu najwybitniejszych kompozytor\u00f3w \u2013 mi\u0119dzy innymi: Franciszek Schubert, Charles Gounod, Gaetano Donizetti, Franciszek Liszt, czy te\u017c Stanis\u0142aw Moniuszko.<\/strong><\/p>\n","protected":false},"excerpt":{"rendered":"<p>ZWIASTOWANIEZWIASTOWANIE W PI\u015aMIE \u015aWI\u0118TYM\u201eW sz\u00f3stym miesi\u0105cu pos\u0142a\u0142 B\u00f3g anio\u0142a Gabriela do miasta w Galilei, zwanego Nazaret, do Dziewicy po\u015blubionej m\u0119\u017cowi, imieniem J\u00f3zef, z rodu Dawida; a Dziewicy by\u0142o na imi\u0119 Maryja. Anio\u0142 wszed\u0142 do Niej i rzek\u0142: \u00bbB\u0105d\u017a pozdrowiona, pe\u0142na \u0142aski, Pan z Tob\u0105, b\u0142ogos\u0142awiona jeste\u015b mi\u0119dzy niewiastami\u00ab. Ona zmiesza\u0142a si\u0119 na te s\u0142owa i &#8230; <span class=\"more\"><a class=\"more-link\" href=\"https:\/\/parafiadebe.com.pl\/?page_id=184\">[Read more&#8230;]<\/a><\/span><\/p>\n","protected":false},"author":1,"featured_media":0,"parent":0,"menu_order":0,"comment_status":"closed","ping_status":"closed","template":"page-full-width.php","meta":{"footnotes":""},"class_list":["entry","page","publish","author-admin","post-184"],"_links":{"self":[{"href":"https:\/\/parafiadebe.com.pl\/index.php?rest_route=\/wp\/v2\/pages\/184","targetHints":{"allow":["GET"]}}],"collection":[{"href":"https:\/\/parafiadebe.com.pl\/index.php?rest_route=\/wp\/v2\/pages"}],"about":[{"href":"https:\/\/parafiadebe.com.pl\/index.php?rest_route=\/wp\/v2\/types\/page"}],"author":[{"embeddable":true,"href":"https:\/\/parafiadebe.com.pl\/index.php?rest_route=\/wp\/v2\/users\/1"}],"replies":[{"embeddable":true,"href":"https:\/\/parafiadebe.com.pl\/index.php?rest_route=%2Fwp%2Fv2%2Fcomments&post=184"}],"version-history":[{"count":8,"href":"https:\/\/parafiadebe.com.pl\/index.php?rest_route=\/wp\/v2\/pages\/184\/revisions"}],"predecessor-version":[{"id":238,"href":"https:\/\/parafiadebe.com.pl\/index.php?rest_route=\/wp\/v2\/pages\/184\/revisions\/238"}],"wp:attachment":[{"href":"https:\/\/parafiadebe.com.pl\/index.php?rest_route=%2Fwp%2Fv2%2Fmedia&parent=184"}],"curies":[{"name":"wp","href":"https:\/\/api.w.org\/{rel}","templated":true}]}}