{"id":182,"date":"2023-02-01T15:23:27","date_gmt":"2023-02-01T14:23:27","guid":{"rendered":"http:\/\/parafiadebe.com.pl\/?page_id=182"},"modified":"2023-02-05T19:22:03","modified_gmt":"2023-02-05T18:22:03","slug":"msze-swiete","status":"publish","type":"page","link":"https:\/\/parafiadebe.com.pl\/?page_id=182","title":{"rendered":"Msze \u015awi\u0119te"},"content":{"rendered":"\n<p class=\"has-large-font-size\">Msze \u015awi\u0119te:<\/p>\n\n\n\n<p class=\"has-large-font-size\">Niedziela: D\u0119be, godz. 8.00, 12.00<br>Zbor\u00f3w, godz. 9.30<br>Kamie\u0144: godz. 10.45<\/p>\n\n\n\n<p class=\"has-large-font-size\">W tygodniu: D\u0119be, 17.30, 18.00.<\/p>\n\n\n\n<p class=\"has-large-font-size\">Sakramentalna pos\u0142uga u Chorych w Parafii: I sobota miesi\u0105ca (od godz. 9.00)<\/p>\n\n\n\n<ul class=\"has-large-font-size wp-block-list\">\n<li>w \u015brody po Eucharystii o godz. 18.00 Nowenna do Matki Bo\u017cej D\u0119bskiej \u2013<br>Wychowawczyni i Opiekunki z wystawieniem Naj\u015bwi\u0119tszego Sakramentu<\/li>\n\n\n\n<li>w pi\u0105tki po Eucharystii o godz. 18.00 Nabo\u017ce\u0144stwo do Mi\u0142osierdzia Bo\u017cego z<br>wystawieniem Naj\u015bwi\u0119tszego Sakramentu<\/li>\n\n\n\n<li>13 dnia ka\u017cdego miesi\u0105ca R\u00f3\u017caniec Fatimski z procesj\u0105<\/li>\n<\/ul>\n","protected":false},"excerpt":{"rendered":"<p>Msze \u015awi\u0119te: Niedziela: D\u0119be, godz. 8.00, 12.00Zbor\u00f3w, godz. 9.30Kamie\u0144: godz. 10.45 W tygodniu: D\u0119be, 17.30, 18.00. Sakramentalna pos\u0142uga u Chorych w Parafii: I sobota miesi\u0105ca (od godz. 9.00)<\/p>\n","protected":false},"author":1,"featured_media":0,"parent":0,"menu_order":0,"comment_status":"closed","ping_status":"closed","template":"","meta":{"footnotes":""},"class_list":["entry","page","publish","author-admin","post-182"],"_links":{"self":[{"href":"https:\/\/parafiadebe.com.pl\/index.php?rest_route=\/wp\/v2\/pages\/182","targetHints":{"allow":["GET"]}}],"collection":[{"href":"https:\/\/parafiadebe.com.pl\/index.php?rest_route=\/wp\/v2\/pages"}],"about":[{"href":"https:\/\/parafiadebe.com.pl\/index.php?rest_route=\/wp\/v2\/types\/page"}],"author":[{"embeddable":true,"href":"https:\/\/parafiadebe.com.pl\/index.php?rest_route=\/wp\/v2\/users\/1"}],"replies":[{"embeddable":true,"href":"https:\/\/parafiadebe.com.pl\/index.php?rest_route=%2Fwp%2Fv2%2Fcomments&post=182"}],"version-history":[{"count":4,"href":"https:\/\/parafiadebe.com.pl\/index.php?rest_route=\/wp\/v2\/pages\/182\/revisions"}],"predecessor-version":[{"id":250,"href":"https:\/\/parafiadebe.com.pl\/index.php?rest_route=\/wp\/v2\/pages\/182\/revisions\/250"}],"wp:attachment":[{"href":"https:\/\/parafiadebe.com.pl\/index.php?rest_route=%2Fwp%2Fv2%2Fmedia&parent=182"}],"curies":[{"name":"wp","href":"https:\/\/api.w.org\/{rel}","templated":true}]}}