{"id":128,"date":"2023-01-30T20:23:36","date_gmt":"2023-01-30T19:23:36","guid":{"rendered":"http:\/\/parafiadebe.com.pl\/?page_id=128"},"modified":"2023-01-30T20:26:29","modified_gmt":"2023-01-30T19:26:29","slug":"kolo-rozancowe","status":"publish","type":"page","link":"https:\/\/parafiadebe.com.pl\/?page_id=128","title":{"rendered":"Ko\u0142o R\u00f3\u017ca\u0144cowe"},"content":{"rendered":"\n<p class=\"has-medium-font-size\"><strong>Ko\u0142a \u017bywego R\u00f3\u017ca\u0144ca s\u0105 wsp\u00f3lnot\u0105, kt\u00f3ra pe\u0142ni misj\u0119 g\u0142oszenia Ewangelii przez modlitw\u0119 r\u00f3\u017ca\u0144cow\u0105 podejmowan\u0105 w intencjach Ko\u015bcio\u0142a powszechnego jak i lokalnego. \u017bywy R\u00f3\u017caniec sk\u0142ada si\u0119 z \u017bYWYCH R\u00d3\u017b. Ka\u017cda R\u00f3\u017ca posiada dwadzie\u015bcia os\u00f3b, z kt\u00f3rych ka\u017cda odmawia codziennie dziesi\u0105tek r\u00f3\u017ca\u0144ca czyli jedn\u0105 tajemnic\u0119, po\u0142\u0105czon\u0105 z rozwa\u017caniem. W ten spos\u00f3b odmawiany jest w R\u00d3\u017bY codziennie ca\u0142y r\u00f3\u017caniec \u2013 dwadzie\u015bcia tajemnic. Jest to jakby wieniec r\u00f3\u017cany sk\u0142adany u st\u00f3p Kr\u00f3lowej.<br>Zadania wsp\u00f3lnoty:<br>odmawianie codziennie jednego dziesi\u0105tka r\u00f3\u017ca\u0144ca w intencjach papieskich og\u00f3lnych, misyjnych, bie\u017c\u0105cych spraw parafii, naszego spo\u0142ecze\u0144stwa i ca\u0142ego Ko\u015bcio\u0142a \u017cycie wed\u0142ug Ewangelii, kt\u00f3ra jest fundamentem i \u017ar\u00f3d\u0142em \u017cycia chrze\u015bcija\u0144skiego udzia\u0142 w comiesi\u0119cznej zmianie tajemnic r\u00f3\u017ca\u0144cowych<br>cz\u0119ste przyst\u0119powanie do sakrament\u00f3w \u015bwi\u0119tych oraz udzia\u0142 w procesjach maryjnych rozszerzanie czci Maryi przyk\u0142adem \u017cycia i dzia\u0142alno\u015bci\u0105 apostolsk\u0105<br>zamawianie Mszy \u015bw. o b\u0142ogos\u0142awie\u0144stwo dla cz\u0142onk\u00f3w R\u00f3\u017c w rocznic\u0119 ich za\u0142o\u017cenia oraz za zmar\u0142e osoby nale\u017c\u0105ce do R\u00f3\u017cy<br>Odpust zupe\u0142ny dla cz\u0142onk\u00f3w R\u00f3\u017c \u017bywego R\u00f3\u017ca\u0144ca:<br>Przyj\u0119cie do Ko\u0142a \u017bywego R\u00f3\u017ca\u0144ca<br>Uroczysto\u015b\u0107 patronalna R\u00f3\u017cy<br>Narodzenie Pa\u0144skie<br>Zmartwychwstanie Pa\u0144skie<br>Zwiastowanie Naj\u015bwi\u0119tszej Maryi Pannie<br>Wniebowzi\u0119cie Matki Bo\u017cej<br>Kr\u00f3lowej R\u00f3\u017ca\u0144ca \u015bw.<br>Niepokalane Pocz\u0119cie NMP<br>Ofiarowanie Pa\u0144skie<br>Odpust ten mo\u017cna uzyska\u0107 pod zwyk\u0142ymi warunkami: spowied\u017a, komunia \u015bw., modlitwa w intencjach Ojca \u015bw., wyzbycie si\u0119 wszelkiego z\u0142a i pragnienie wytrwania w \u0142asce u\u015bwi\u0119caj\u0105cej.<br>Opiekunem Ko\u0142a R\u00f3\u017ca\u0144cowego jest ks. proboszcz S\u0142awomir K\u0119szka.<\/strong><\/p>\n","protected":false},"excerpt":{"rendered":"<p>Ko\u0142a \u017bywego R\u00f3\u017ca\u0144ca s\u0105 wsp\u00f3lnot\u0105, kt\u00f3ra pe\u0142ni misj\u0119 g\u0142oszenia Ewangelii przez modlitw\u0119 r\u00f3\u017ca\u0144cow\u0105 podejmowan\u0105 w intencjach Ko\u015bcio\u0142a powszechnego jak i lokalnego. \u017bywy R\u00f3\u017caniec sk\u0142ada si\u0119 z \u017bYWYCH R\u00d3\u017b. Ka\u017cda R\u00f3\u017ca posiada dwadzie\u015bcia os\u00f3b, z kt\u00f3rych ka\u017cda odmawia codziennie dziesi\u0105tek r\u00f3\u017ca\u0144ca czyli jedn\u0105 tajemnic\u0119, po\u0142\u0105czon\u0105 z rozwa\u017caniem. W ten spos\u00f3b odmawiany jest w R\u00d3\u017bY codziennie ca\u0142y &#8230; <span class=\"more\"><a class=\"more-link\" href=\"https:\/\/parafiadebe.com.pl\/?page_id=128\">[Read more&#8230;]<\/a><\/span><\/p>\n","protected":false},"author":1,"featured_media":0,"parent":0,"menu_order":0,"comment_status":"closed","ping_status":"closed","template":"","meta":{"footnotes":""},"class_list":["entry","page","publish","author-admin","post-128"],"_links":{"self":[{"href":"https:\/\/parafiadebe.com.pl\/index.php?rest_route=\/wp\/v2\/pages\/128","targetHints":{"allow":["GET"]}}],"collection":[{"href":"https:\/\/parafiadebe.com.pl\/index.php?rest_route=\/wp\/v2\/pages"}],"about":[{"href":"https:\/\/parafiadebe.com.pl\/index.php?rest_route=\/wp\/v2\/types\/page"}],"author":[{"embeddable":true,"href":"https:\/\/parafiadebe.com.pl\/index.php?rest_route=\/wp\/v2\/users\/1"}],"replies":[{"embeddable":true,"href":"https:\/\/parafiadebe.com.pl\/index.php?rest_route=%2Fwp%2Fv2%2Fcomments&post=128"}],"version-history":[{"count":2,"href":"https:\/\/parafiadebe.com.pl\/index.php?rest_route=\/wp\/v2\/pages\/128\/revisions"}],"predecessor-version":[{"id":147,"href":"https:\/\/parafiadebe.com.pl\/index.php?rest_route=\/wp\/v2\/pages\/128\/revisions\/147"}],"wp:attachment":[{"href":"https:\/\/parafiadebe.com.pl\/index.php?rest_route=%2Fwp%2Fv2%2Fmedia&parent=128"}],"curies":[{"name":"wp","href":"https:\/\/api.w.org\/{rel}","templated":true}]}}